{"id":56,"date":"2025-11-02T19:05:23","date_gmt":"2025-11-02T18:05:23","guid":{"rendered":"https:\/\/partytanc.hu\/?page_id=56"},"modified":"2025-11-02T20:11:42","modified_gmt":"2025-11-02T19:11:42","slug":"rolunk","status":"publish","type":"page","link":"https:\/\/partytanc.hu\/?page_id=56","title":{"rendered":"R\u00f3lunk"},"content":{"rendered":"<h5>A Party t\u00e1nc csoportunkban egy\u00e9nileg t\u00e1ncolhat\u00f3 latin, standard \u00e9s divat t\u00e1ncokat tanulunk. C\u00e9lunk, a fell\u00e9p\u00e9seken k\u00edv\u00fcl, hogy a tanult koreogr\u00e1fi\u00e1kat b\u00e1lokban, t\u00e1ncos helyeken \u00e9s bulikon is j\u00f3l tudjuk alkalmazni.\u00a02021 \u0151sz\u00e9n csatlakoztunk a veszpr\u00e9mi Cholnoky Nyugd\u00edjas Klubhoz, az\u00f3ta a klub k\u00e9pviselet\u00e9ben szervezz\u00fck a fell\u00e9p\u00e9seinket.<\/h5>\n<h5>A k\u00fcl\u00f6nb\u00f6z\u0151 t\u00e1ncst\u00edlusok a fell\u00e9p\u00e9seink m\u0171sor \u00f6ssze\u00e1ll\u00edt\u00e1s\u00e1ban is megjelennek. A Latin t\u00e1ncok \u00e9s a Standard t\u00e1ncok \u00f6ssze\u00e1ll\u00edt\u00e1saink mellett Elvis Presley dalaira, Olasz sl\u00e1gerekre \u00e9s Disco sz\u00e1mokra koreograf\u00e1lt programokkal is szerepel\u00fcnk. Ezeken k\u00edv\u00fcl k\u00fcl\u00f6nb\u00f6z\u0151 alkalmakra (n\u0151nap, any\u00e1k napja, f\u00e9rfi nap) \u00f6ssze\u00e1ll\u00edtott programjaink is vannak.<\/h5>\n<h5>M\u00e1r sok fell\u00e9p\u00e9s\u00fcnk volt a klubunkon k\u00edv\u00fcl is, orsz\u00e1gos- \u00e9s region\u00e1lis nyugd\u00edjas tal\u00e1lkoz\u00f3kon, v\u00e1rosi rendezv\u00e9nyeken, falunapokon, fesztiv\u00e1lokon, b\u00e1lokban.<\/h5>\n<h5>Csoportunk tagjai im\u00e1dnak t\u00e1ncolni \u00e9s t\u00e1ncunkkal m\u00e1sokat sz\u00f3rakoztatni, amit k\u00f6z\u00f6s bulik alkalm\u00e1val be is szoktunk mutatni a t\u00e1ncol\u00f3 k\u00f6z\u00f6ns\u00e9g \u00e9s a zen\u00e9szek legnagyobb \u00f6r\u00f6m\u00e9re.<\/h5>\n<h5>A t\u00e1ncainkat betan\u00edtja \u00e9s nagyr\u00e9szt koreograf\u00e1lja Szab\u00f3 Lajosn\u00e9 Hajni.<\/h5>\n<h5><\/h5>\n","protected":false},"excerpt":{"rendered":"<p>A Party t\u00e1nc csoportunkban egy\u00e9nileg t\u00e1ncolhat\u00f3 latin, standard \u00e9s divat t\u00e1ncokat tanulunk. C\u00e9lunk, a fell\u00e9p\u00e9seken k\u00edv\u00fcl, hogy a tanult koreogr\u00e1fi\u00e1kat b\u00e1lokban, t\u00e1ncos helyeken \u00e9s bulikon is j\u00f3l tudjuk alkalmazni.\u00a02021 \u0151sz\u00e9n csatlakoztunk a veszpr\u00e9mi Cholnoky Nyugd\u00edjas Klubhoz, az\u00f3ta a klub k\u00e9pviselet\u00e9ben szervezz\u00fck a fell\u00e9p\u00e9seinket. A k\u00fcl\u00f6nb\u00f6z\u0151 t\u00e1ncst\u00edlusok a fell\u00e9p\u00e9seink m\u0171sor \u00f6ssze\u00e1ll\u00edt\u00e1s\u00e1ban is megjelennek. A Latin t\u00e1ncok [&hellip;]<\/p>\n","protected":false},"author":1,"featured_media":0,"parent":0,"menu_order":0,"comment_status":"closed","ping_status":"closed","template":"","meta":{"_bbp_topic_count":0,"_bbp_reply_count":0,"_bbp_total_topic_count":0,"_bbp_total_reply_count":0,"_bbp_voice_count":0,"_bbp_anonymous_reply_count":0,"_bbp_topic_count_hidden":0,"_bbp_reply_count_hidden":0,"_bbp_forum_subforum_count":0,"footnotes":""},"class_list":["post-56","page","type-page","status-publish","hentry","beehive-post"],"_links":{"self":[{"href":"https:\/\/partytanc.hu\/index.php?rest_route=\/wp\/v2\/pages\/56","targetHints":{"allow":["GET"]}}],"collection":[{"href":"https:\/\/partytanc.hu\/index.php?rest_route=\/wp\/v2\/pages"}],"about":[{"href":"https:\/\/partytanc.hu\/index.php?rest_route=\/wp\/v2\/types\/page"}],"author":[{"embeddable":true,"href":"https:\/\/partytanc.hu\/index.php?rest_route=\/wp\/v2\/users\/1"}],"replies":[{"embeddable":true,"href":"https:\/\/partytanc.hu\/index.php?rest_route=%2Fwp%2Fv2%2Fcomments&post=56"}],"version-history":[{"count":6,"href":"https:\/\/partytanc.hu\/index.php?rest_route=\/wp\/v2\/pages\/56\/revisions"}],"predecessor-version":[{"id":76,"href":"https:\/\/partytanc.hu\/index.php?rest_route=\/wp\/v2\/pages\/56\/revisions\/76"}],"wp:attachment":[{"href":"https:\/\/partytanc.hu\/index.php?rest_route=%2Fwp%2Fv2%2Fmedia&parent=56"}],"curies":[{"name":"wp","href":"https:\/\/api.w.org\/{rel}","templated":true}]}}