{"id":60,"date":"2025-11-02T19:05:23","date_gmt":"2025-11-02T18:05:23","guid":{"rendered":"https:\/\/partytanc.hu\/?page_id=60"},"modified":"2025-11-02T23:33:19","modified_gmt":"2025-11-02T22:33:19","slug":"kapcsolat","status":"publish","type":"page","link":"https:\/\/partytanc.hu\/?page_id=60","title":{"rendered":"Kapcsolat"},"content":{"rendered":"<h5>A Party t\u00e1nc Csoport el\u00e9rhet\u0151s\u00e9gei:<\/h5>\n<h6>partytanc<span class=\"\">@gmail.co<\/span>m<\/h6>\n<h6>https:\/\/www.youtube.com\/@partytanc<\/h6>\n<h6>https:\/\/www.facebook.com\/partytanccsoport<\/h6>\n<p>&nbsp;<\/p>\n","protected":false},"excerpt":{"rendered":"<p>A Party t\u00e1nc Csoport el\u00e9rhet\u0151s\u00e9gei: partytanc@gmail.com https:\/\/www.youtube.com\/@partytanc https:\/\/www.facebook.com\/partytanccsoport &nbsp;<\/p>\n","protected":false},"author":1,"featured_media":0,"parent":0,"menu_order":0,"comment_status":"closed","ping_status":"closed","template":"","meta":{"_bbp_topic_count":0,"_bbp_reply_count":0,"_bbp_total_topic_count":0,"_bbp_total_reply_count":0,"_bbp_voice_count":0,"_bbp_anonymous_reply_count":0,"_bbp_topic_count_hidden":0,"_bbp_reply_count_hidden":0,"_bbp_forum_subforum_count":0,"footnotes":""},"class_list":["post-60","page","type-page","status-publish","hentry","beehive-post"],"_links":{"self":[{"href":"https:\/\/partytanc.hu\/index.php?rest_route=\/wp\/v2\/pages\/60","targetHints":{"allow":["GET"]}}],"collection":[{"href":"https:\/\/partytanc.hu\/index.php?rest_route=\/wp\/v2\/pages"}],"about":[{"href":"https:\/\/partytanc.hu\/index.php?rest_route=\/wp\/v2\/types\/page"}],"author":[{"embeddable":true,"href":"https:\/\/partytanc.hu\/index.php?rest_route=\/wp\/v2\/users\/1"}],"replies":[{"embeddable":true,"href":"https:\/\/partytanc.hu\/index.php?rest_route=%2Fwp%2Fv2%2Fcomments&post=60"}],"version-history":[{"count":8,"href":"https:\/\/partytanc.hu\/index.php?rest_route=\/wp\/v2\/pages\/60\/revisions"}],"predecessor-version":[{"id":156,"href":"https:\/\/partytanc.hu\/index.php?rest_route=\/wp\/v2\/pages\/60\/revisions\/156"}],"wp:attachment":[{"href":"https:\/\/partytanc.hu\/index.php?rest_route=%2Fwp%2Fv2%2Fmedia&parent=60"}],"curies":[{"name":"wp","href":"https:\/\/api.w.org\/{rel}","templated":true}]}}